{"id":1703,"date":"2017-07-02T03:37:47","date_gmt":"2017-07-02T03:37:47","guid":{"rendered":"https:\/\/demos.wolfthemes.com\/tune\/?page_id=1703"},"modified":"2023-10-16T17:42:35","modified_gmt":"2023-10-16T15:42:35","slug":"solo-artist","status":"publish","type":"page","link":"https:\/\/www.miss-mina.fr\/","title":{"rendered":"Accueil"},"content":{"rendered":"<div class=\"wpb-content-wrapper\"><p>[vc_row column_type=\u00a0\u00bbblock\u00a0\u00bb full_height=\u00a0\u00bbyes\u00a0\u00bb font_color=\u00a0\u00bblight\u00a0\u00bb background_type=\u00a0\u00bbimage\u00a0\u00bb background_img=\u00a0\u00bb1958&Prime; background_position=\u00a0\u00bbright center\u00a0\u00bb background_effect=\u00a0\u00bbzoomin\u00a0\u00bb background_img_lazyload=\u00a0\u00bb1&Prime; shift_y=\u00a0\u00bb0&Prime; z_index=\u00a0\u00bb0&Prime; row_name=\u00a0\u00bbAccueil\u00a0\u00bb][vc_column shift_x=\u00a0\u00bb0&Prime; shift_y=\u00a0\u00bb0&Prime; z_index=\u00a0\u00bb0&Prime; css=\u00a0\u00bb.vc_custom_1527264836607{padding-top: 100px !important;padding-bottom: 100px !important;}\u00a0\u00bb][vc_single_image image=\u00a0\u00bb1836&Prime; img_size=\u00a0\u00bbfull\u00a0\u00bb full_width=\u00a0\u00bb1&Prime; opacity=\u00a0\u00bb100&Prime; max_width=\u00a0\u00bb350px\u00a0\u00bb css_animation=\u00a0\u00bbfadeIn\u00a0\u00bb css_animation_delay=\u00a0\u00bb600&Prime;][\/vc_column][\/vc_row][vc_row content_width=\u00a0\u00bbsmall\u00a0\u00bb equal_height=\u00a0\u00bb\u00a0\u00bb font_color=\u00a0\u00bblight\u00a0\u00bb bt_text=\u00a0\u00bbMiss Mina\u00a0\u00bb bt_color=\u00a0\u00bbcustom\u00a0\u00bb bt_font_weight=\u00a0\u00bb400&Prime; bt_text_transform=\u00a0\u00bbnone\u00a0\u00bb bt_font_family=\u00a0\u00bbGreat Vibes\u00a0\u00bb shift_y=\u00a0\u00bb0&Prime; z_index=\u00a0\u00bb0&Prime; add_bigtext=\u00a0\u00bbtrue\u00a0\u00bb row_name=\u00a0\u00bbA propos\u00a0\u00bb bt_custom_color=\u00a0\u00bb#212121&Prime; css=\u00a0\u00bb.vc_custom_1527276447290{padding-top: 100px !important;padding-bottom: 100px !important;}\u00a0\u00bb bt_max_width=\u00a0\u00bb1800&Prime;][vc_column][vc_custom_heading text=\u00a0\u00bbMiss Mina &amp; Friends\u00a0\u00bb font_size=\u00a0\u00bb40&Prime; font_weight=\u00a0\u00bb400&Prime; css_animation=\u00a0\u00bbfadeInUp\u00a0\u00bb][vc_separator el_width=\u00a0\u00bb75px\u00a0\u00bb el_height=\u00a0\u00bb2px\u00a0\u00bb color=\u00a0\u00bbwhite\u00a0\u00bb][vc_column_text]Julie Santamans vous propose de s&rsquo;adapter a vos envies, allant du duo au groupe.<\/p>\n<p>Un style p\u00e9tillant pour une ambiance unique.<\/p>\n<p>Une formule souple, permettant de r\u00e9pondre \u00e0 chacun de vos besoins : que soit pour une ambiance Cocktail ou pour une soir\u00e9e Dance floor&#8230;[\/vc_column_text][\/vc_column][\/vc_row][vc_row equal_height=\u00a0\u00bb\u00a0\u00bb shift_y=\u00a0\u00bb0&Prime; z_index=\u00a0\u00bb0&Prime; row_name=\u00a0\u00bbNos Vid\u00e9os\u00a0\u00bb css=\u00a0\u00bb.vc_custom_1527267124088{padding-top: 100px !important;padding-bottom: 100px !important;}\u00a0\u00bb][vc_column][vc_custom_heading text=\u00a0\u00bbNos vid\u00e9os\u00a0\u00bb font_size=\u00a0\u00bb40&Prime; font_weight=\u00a0\u00bb700&Prime; css_animation=\u00a0\u00bbfadeInUp\u00a0\u00bb][vc_separator el_width=\u00a0\u00bb75px\u00a0\u00bb el_height=\u00a0\u00bb2px\u00a0\u00bb color=\u00a0\u00bbblack\u00a0\u00bb][wvc_video_index el_id=\u00a0\u00bbwv_video_id\u00a0\u00bb item_animation=\u00a0\u00bbzoomIn\u00a0\u00bb orderby=\u00a0\u00bbdate\u00a0\u00bb order=\u00a0\u00bbASC\u00a0\u00bb inline_style=\u00a0\u00bbpadding-top: 10px\u00a0\u00bb][\/vc_column][\/vc_row][vc_row content_width=\u00a0\u00bbfull\u00a0\u00bb equal_height=\u00a0\u00bb\u00a0\u00bb font_color=\u00a0\u00bblight\u00a0\u00bb shift_y=\u00a0\u00bb0&Prime; z_index=\u00a0\u00bb0&Prime; row_name=\u00a0\u00bbGalerie Photos\u00a0\u00bb css=\u00a0\u00bb.vc_custom_1527267316009{padding-top: 100px !important;}\u00a0\u00bb][vc_column][vc_custom_heading text=\u00a0\u00bbGalerie photos\u00a0\u00bb font_size=\u00a0\u00bb40&Prime; font_weight=\u00a0\u00bb700&Prime; css_animation=\u00a0\u00bbfadeInUp\u00a0\u00bb][vc_separator el_width=\u00a0\u00bb75px\u00a0\u00bb el_height=\u00a0\u00bb2px\u00a0\u00bb color=\u00a0\u00bbwhite\u00a0\u00bb][vc_gallery img_size=\u00a0\u00bb300&#215;537&Prime; slides_per_view=\u00a0\u00bb5&Prime; img_padding=\u00a0\u00bbno\u00a0\u00bb hover_effect=\u00a0\u00bbzoomout\u00a0\u00bb images=\u00a0\u00bb1958,1967,1966,1965,1964,1962,1961,1960&Prime; css=\u00a0\u00bb.vc_custom_1697470851958{padding-top: 15px !important;}\u00a0\u00bb][\/vc_column][\/vc_row][vc_row content_width=\u00a0\u00bbsmall\u00a0\u00bb equal_height=\u00a0\u00bb\u00a0\u00bb font_color=\u00a0\u00bblight\u00a0\u00bb background_type=\u00a0\u00bbimage\u00a0\u00bb background_color=\u00a0\u00bbblack\u00a0\u00bb shift_y=\u00a0\u00bb0&Prime; z_index=\u00a0\u00bb0&Prime; row_name=\u00a0\u00bbContact\u00a0\u00bb css=\u00a0\u00bb.vc_custom_1527278803475{padding-top: 100px !important;padding-bottom: 100px !important;}\u00a0\u00bb][vc_column shift_x=\u00a0\u00bb0&Prime; shift_y=\u00a0\u00bb0&Prime; z_index=\u00a0\u00bb0&Prime;][vc_custom_heading text=\u00a0\u00bbContact\u00a0\u00bb font_size=\u00a0\u00bb40&Prime; font_weight=\u00a0\u00bb700&Prime; css_animation=\u00a0\u00bbfadeInUp\u00a0\u00bb][vc_separator el_width=\u00a0\u00bb75px\u00a0\u00bb el_height=\u00a0\u00bb2px\u00a0\u00bb color=\u00a0\u00bbwhite\u00a0\u00bb][vc_row_inner css=\u00a0\u00bb.vc_custom_1527279310957{padding-top: 0px !important;}\u00a0\u00bb][vc_column_inner content_placement=\u00a0\u00bbmiddle\u00a0\u00bb][vc_custom_heading text=\u00a0\u00bb06 64 54 05 65&Prime; font_size=\u00a0\u00bb35&Prime; font_weight=\u00a0\u00bb700&Prime; css_animation=\u00a0\u00bbfadeInUp\u00a0\u00bb][wvc_social_icons services=\u00a0\u00bbfacebook,youtube,email, instagram\u00a0\u00bb color=\u00a0\u00bbwhite\u00a0\u00bb css_animation_each=\u00a0\u00bbtrue\u00a0\u00bb css_animation=\u00a0\u00bbfadeIn\u00a0\u00bb][\/vc_column_inner][\/vc_row_inner][\/vc_column][\/vc_row]<\/p>\n<\/div>","protected":false},"excerpt":{"rendered":"<p>[vc_row column_type=\u00a0\u00bbblock\u00a0\u00bb full_height=\u00a0\u00bbyes\u00a0\u00bb font_color=\u00a0\u00bblight\u00a0\u00bb background_type=\u00a0\u00bbimage\u00a0\u00bb background_img=\u00a0\u00bb1958&Prime; background_position=\u00a0\u00bbright center\u00a0\u00bb background_effect=\u00a0\u00bbzoomin\u00a0\u00bb background_img_lazyload=\u00a0\u00bb1&Prime; shift_y=\u00a0\u00bb0&Prime; z_index=\u00a0\u00bb0&Prime; row_name=\u00a0\u00bbAccueil\u00a0\u00bb][vc_column shift_x=\u00a0\u00bb0&Prime; shift_y=\u00a0\u00bb0&Prime; z_index=\u00a0\u00bb0&Prime; css=\u00a0\u00bb.vc_custom_1527264836607{padding-top: 100px !important;padding-bottom: 100px !important;}\u00a0\u00bb][vc_single_image image=\u00a0\u00bb1836&Prime; img_size=\u00a0\u00bbfull\u00a0\u00bb full_width=\u00a0\u00bb1&Prime; opacity=\u00a0\u00bb100&Prime; max_width=\u00a0\u00bb350px\u00a0\u00bb css_animation=\u00a0\u00bbfadeIn\u00a0\u00bb css_animation_delay=\u00a0\u00bb600&Prime;][\/vc_column][\/vc_row][vc_row content_width=\u00a0\u00bbsmall\u00a0\u00bb equal_height=\u00a0\u00bb\u00a0\u00bb font_color=\u00a0\u00bblight\u00a0\u00bb bt_text=\u00a0\u00bbMiss Mina\u00a0\u00bb bt_color=\u00a0\u00bbcustom\u00a0\u00bb bt_font_weight=\u00a0\u00bb400&Prime; bt_text_transform=\u00a0\u00bbnone\u00a0\u00bb bt_font_family=\u00a0\u00bbGreat Vibes\u00a0\u00bb shift_y=\u00a0\u00bb0&Prime; z_index=\u00a0\u00bb0&Prime; add_bigtext=\u00a0\u00bbtrue\u00a0\u00bb row_name=\u00a0\u00bbA propos\u00a0\u00bb bt_custom_color=\u00a0\u00bb#212121&Prime; css=\u00a0\u00bb.vc_custom_1527276447290{padding-top: 100px !important;padding-bottom: 100px !important;}\u00a0\u00bb bt_max_width=\u00a0\u00bb1800&Prime;][vc_column][vc_custom_heading text=\u00a0\u00bbMiss Mina &amp; Friends\u00a0\u00bb font_size=\u00a0\u00bb40&Prime;&#8230;<\/p>\n<p><a rel=\"bookmark\" class=\"more-link\" href=\"https:\/\/www.miss-mina.fr\/\"><span>Continue reading<\/span><\/a><\/p>\n","protected":false},"author":1,"featured_media":1958,"parent":0,"menu_order":0,"comment_status":"closed","ping_status":"closed","template":"","meta":{"footnotes":""},"_links":{"self":[{"href":"https:\/\/www.miss-mina.fr\/index.php\/wp-json\/wp\/v2\/pages\/1703"}],"collection":[{"href":"https:\/\/www.miss-mina.fr\/index.php\/wp-json\/wp\/v2\/pages"}],"about":[{"href":"https:\/\/www.miss-mina.fr\/index.php\/wp-json\/wp\/v2\/types\/page"}],"author":[{"embeddable":true,"href":"https:\/\/www.miss-mina.fr\/index.php\/wp-json\/wp\/v2\/users\/1"}],"replies":[{"embeddable":true,"href":"https:\/\/www.miss-mina.fr\/index.php\/wp-json\/wp\/v2\/comments?post=1703"}],"version-history":[{"count":56,"href":"https:\/\/www.miss-mina.fr\/index.php\/wp-json\/wp\/v2\/pages\/1703\/revisions"}],"predecessor-version":[{"id":1997,"href":"https:\/\/www.miss-mina.fr\/index.php\/wp-json\/wp\/v2\/pages\/1703\/revisions\/1997"}],"wp:featuredmedia":[{"embeddable":true,"href":"https:\/\/www.miss-mina.fr\/index.php\/wp-json\/wp\/v2\/media\/1958"}],"wp:attachment":[{"href":"https:\/\/www.miss-mina.fr\/index.php\/wp-json\/wp\/v2\/media?parent=1703"}],"curies":[{"name":"wp","href":"https:\/\/api.w.org\/{rel}","templated":true}]}}